{"id":3146,"date":"2015-12-03T10:26:27","date_gmt":"2015-12-03T09:26:27","guid":{"rendered":"http:\/\/www.ambrosiniviaggi.it\/palladio-overview\/punti-di-interesse-2\/"},"modified":"2015-12-29T10:17:52","modified_gmt":"2015-12-29T09:17:52","slug":"organizzare","status":"publish","type":"page","link":"https:\/\/www.ambrosiniviaggi.it\/it\/palladio-overview\/organizzare\/","title":{"rendered":"Organizzare un pranzo o un soggiorno a Vicenza"},"content":{"rendered":"<p>[vc_row rt_row_background_width=&#8221;default&#8221; rt_row_style=&#8221;default-style&#8221; rt_row_borders=&#8221;&#8221; rt_row_paddings=&#8221;true&#8221; rt_bg_effect=&#8221;classic&#8221; rt_bg_image_repeat=&#8221;repeat&#8221; rt_bg_size=&#8221;cover&#8221; rt_bg_position=&#8221;right top&#8221; rt_bg_attachment=&#8221;scroll&#8221; rt_bg_video_format=&#8221;self-hosted&#8221;][vc_column width=&#8221;1\/2&#8243; rt_bg_image_repeat=&#8221;repeat&#8221; rt_bg_size=&#8221;auto auto&#8221; rt_bg_attachment=&#8221;scroll&#8221;]<div class=\"rt_heading_wrapper style-1\">\n\t\t\t\t\t\t<h3 class=\"rt_heading  style-1\" >Organizzare il pernottamento<\/h3>\n\t\t\t\t\t<\/div>[vc_single_image image=&#8221;3002&#8243; img_size=&#8221;full&#8221; alignment=&#8221;center&#8221; style=&#8221;vc_box_border&#8221; onclick=&#8221;link_image&#8221;][vc_column_text]Organizzare il pernottamento a Vicenza.<\/p>\n<p>Per organizzare un pernottamento a Vicenza, inviateci una richiesta e-mail. Vi consigliamo inoltre alcuni hotels.<\/p>\n<p>In Vicenza:<\/p>\n<p>HOTEL DOGE &#8211; Via Lamarmora 20\/22 &#8211; 36100 Vicenza<br \/>\nTelefono:0444\/923616 &#8211; <a href=\"http:\/\/www.hoteldoge-vi.it\/\" target=\"-blank\">www.hoteldoge-vi.it<\/a><\/p>\n<p>HOTEL CAMPO MARZIO &#8211; Via Roma 21 &#8211; 36100 Vicenza<br \/>\nTelefono:0444\/545700 &#8211; fax:0444\/320495<br \/>\n<a href=\"http:\/\/www.hotelcampomarzio.com\/\" target=\"-blank\">www.hotelcampomarzio.com<\/a><\/p>\n<p>HOTEL DA PORTO &#8211; Viale del Sole 142 &#8211; 36100 Vicenza<br \/>\nTelefono:0444\/964848 &#8211; fax:0444\/964852<br \/>\n<a href=\"http:\/\/www.hoteldaporto.com\/\" target=\"-blank\">www.hoteldaporto.com<\/a><\/p>\n<p>AGRITURISMO SAN MICHELE &#8211; Via Pergoletta, 118 &#8211; 36100 Vicenza<br \/>\nTelefono:3497362249 &#8211; 3474521802<br \/>\n<a href=\"http:\/\/www.agrismichele.it\/\" target=\"-blank\">www.agrismichele.it<\/a>[\/vc_column_text][\/vc_column][vc_column width=&#8221;1\/2&#8243; rt_bg_image_repeat=&#8221;repeat&#8221; rt_bg_size=&#8221;auto auto&#8221; rt_bg_attachment=&#8221;scroll&#8221;]<div class=\"rt_heading_wrapper style-1\">\n\t\t\t\t\t\t<h3 class=\"rt_heading  style-1\" >Organizzare un pranzo<\/h3>\n\t\t\t\t\t<\/div>[vc_single_image image=&#8221;3100&#8243; img_size=&#8221;full&#8221; alignment=&#8221;center&#8221; style=&#8221;vc_box_border&#8221; onclick=&#8221;link_image&#8221;][vc_column_text]Se volete organizzare un pranzo o una cena in un locale tipico Vi consigliamo alcuni indirizzi.<\/p>\n<p><strong>Ristoranti tipici del baccal\u00e0 alla vicentina:<\/strong><br \/>\n&#8211; ANTICA TRATTORIA DUE SPADE Via Roma, Sandrigo &#8211; Tel.0444\/659948<br \/>\n&#8211; DA PALMERINO Via Piave 13,\u00a0Sandrigo &#8211; Tel.0444\/659034<br \/>\n&#8211; LA ROSINA Loc.Valle S.Floriano,\u00a0Marostica &#8211; Tel.0424\/470360<br \/>\n&#8211; ANTICO RISTORANTE CARDELLINO Via Bellavitis, Bassano-Tel.0424\/220144<br \/>\n&#8211; LOCANDA DA LOVISE Via Marconi 22, Costabissara &#8211; Tel.0444\/971026<br \/>\n&#8211; IL TINELLO Via Torre 1, Solagna &#8211; Tel.0424\/80467<br \/>\n&#8211; LEONCINO Via Tavernelle 72,\u00a0Altavilla Vic. &#8211; Tel.0444\/572032<\/p>\n<p><strong>Ristoranti tipici:<\/strong><br \/>\n&#8211; TRATTORIA AL MOLIN VECIO Via Giaroni, Caldogno &#8211; Tel.0444\/585168<br \/>\n&#8211; LOCANDA DA PIERO Via Roma 32\/34, Montecchio Prec. &#8211; Tel.0445\/864827<br \/>\n&#8211; AL TORESAN Via Zabarella 1, Breganze &#8211; Tel.0445\/873622<br \/>\n&#8211; LOCANDA BENETTI Via Roma, 62 &#8211; Costabissara &#8211; Tel. 0444 971052[\/vc_column_text][\/vc_column][\/vc_row][vc_row rt_row_background_width=&#8221;default&#8221; rt_row_style=&#8221;default-style&#8221; rt_row_borders=&#8221;&#8221; rt_row_paddings=&#8221;true&#8221; rt_bg_effect=&#8221;classic&#8221; rt_bg_image_repeat=&#8221;repeat&#8221; rt_bg_size=&#8221;cover&#8221; rt_bg_position=&#8221;right top&#8221; rt_bg_attachment=&#8221;scroll&#8221; rt_bg_video_format=&#8221;self-hosted&#8221;][vc_column width=&#8221;1\/2&#8243; rt_bg_image_repeat=&#8221;repeat&#8221; rt_bg_size=&#8221;auto auto&#8221; rt_bg_attachment=&#8221;scroll&#8221;]<div class=\"rt_heading_wrapper style-1\">\n\t\t\t\t\t\t<h3 class=\"rt_heading  style-1\" >Rappresentazioni teatrali e musicali<\/h3>\n\t\t\t\t\t<\/div>[vc_single_image image=&#8221;3099&#8243; img_size=&#8221;full&#8221; alignment=&#8221;center&#8221; style=&#8221;vc_box_border&#8221; onclick=&#8221;link_image&#8221;][vc_column_text]- <a href=\"http:\/\/www.tcvi.it\/\" target=\"_blank\">Teatro Comunale Citt\u00e0 di Vicenza<\/a><\/p>\n<p>&#8211; <a href=\"http:\/\/www.quartettovicenza.org\/\" target=\"_blank\">Societ\u00e0 del Quartetto di Vicenza<\/a><\/p>\n<p>&#8211; <a href=\"http:\/\/www.teatroastra.it\/\" target=\"_blank\">Teatro Astra di Vicenza<\/a>[\/vc_column_text][\/vc_column][vc_column width=&#8221;1\/2&#8243; rt_bg_image_repeat=&#8221;repeat&#8221; rt_bg_size=&#8221;auto auto&#8221; rt_bg_attachment=&#8221;scroll&#8221;]<div class=\"rt_heading_wrapper style-1\">\n\t\t\t\t\t\t<h3 class=\"rt_heading  style-1\" >Organizzare un rinfresco o un pranzo in villa<\/h3>\n\t\t\t\t\t<\/div>[vc_single_image image=&#8221;3029&#8243; img_size=&#8221;full&#8221; alignment=&#8221;center&#8221; style=&#8221;vc_box_border&#8221; onclick=&#8221;link_image&#8221;][vc_column_text]Per organizzare un rinfresco, un pranzo o un banchetto in villa inviateci una richiesta e-mail. Inoltre vi consigliamo i seguenti indirizzi:<\/p>\n<p><a href=\"http:\/\/www.villafracanzanpiovene.com\" target=\"_blank\">VILLA FRACANZAN PIOVENE<\/a>:<br \/>\nPer la qualit\u00e0 degli arredi e per i vasti spazi interni ed esterni Villa Fracanzan Piovene \u00e8 la Villa ideale per eventi di alta qualit\u00e0.<\/p>\n<p><a href=\"http:\/\/www.villavalmarana.com\" target=\"_blank\">VILLA VALMARANA AI NANI<\/a>:<br \/>\nA complemento della visita, Villa Valmarana ai Nani offre ai suoi ospiti, sia in inverno che in estate, pranzi e cene in compagnia dei padroni di casa, da sempre membri della famiglia Valmarana.<br \/>\nE&#8217; necessario contattare la Villa all&#8217;indirizzo mail: <a href=\"mailto:valmarana@villavalmarana.com\">valmarana@villavalmarana.com<\/a> qualche tempo prima fornendo data, numero e nazionalit\u00e0 degli ospiti. Risponderanno con una proposta di men\u00f9 e di budget. Si tratta di una indimenticabile esperienza della vita in Villa, all&#8217;ombra degli affreschi di Giambattista e Giandomenico Tiepolo.<\/p>\n<p><a href=\"http:\/\/www.villagodi.com\" target=\"_blank\">VILLA GODI MALINVERNI<\/a> :<br \/>\nVilla Godi Malinverni con i suoi 9 saloni affrescati sar\u00e0 una cornice unica per realizzare il sogno di un pranzo o un rinfresco.[\/vc_column_text][\/vc_column][\/vc_row]<\/p>","protected":false},"excerpt":{"rendered":"<p>[vc_row rt_row_background_width=&#8221;default&#8221; rt_row_style=&#8221;default-style&#8221; rt_row_borders=&#8221;&#8221; rt_row_paddings=&#8221;true&#8221; rt_bg_effect=&#8221;classic&#8221; rt_bg_image_repeat=&#8221;repeat&#8221; rt_bg_size=&#8221;cover&#8221; rt_bg_position=&#8221;right top&#8221; rt_bg_attachment=&#8221;scroll&#8221; rt_bg_video_format=&#8221;self-hosted&#8221;][vc_column width=&#8221;1\/2&#8243; rt_bg_image_repeat=&#8221;repeat&#8221; rt_bg_size=&#8221;auto auto&#8221; rt_bg_attachment=&#8221;scroll&#8221;][vc_single_image image=&#8221;3002&#8243; img_size=&#8221;full&#8221; alignment=&#8221;center&#8221; style=&#8221;vc_box_border&#8221; onclick=&#8221;link_image&#8221;][vc_column_text]Organizzare il pernottamento a Vicenza. Per organizzare un pernottamento a Vicenza, inviateci una richiesta e-mail. Vi consigliamo inoltre alcuni hotels. In Vicenza: HOTEL DOGE &#8211; Via Lamarmora 20\/22 &#8211; 36100 Vicenza Telefono:0444\/923616 &#8211; www.hoteldoge-vi.it [&hellip;]<\/p>\n","protected":false},"author":1,"featured_media":0,"parent":2757,"menu_order":0,"comment_status":"closed","ping_status":"closed","template":"","meta":[],"yoast_head":"<!-- This site is optimized with the Yoast SEO plugin v20.4 - https:\/\/yoast.com\/wordpress\/plugins\/seo\/ -->\n<title>Organizzare un pranzo o un soggiorno a Vicenza - Ambrosini Autoservizi<\/title>\n<meta name=\"description\" content=\"Dove pernottare a Vicenza, dove pranzare con baccal\u00e0 a vicentina, i teatri a Vicenza, dove organizzare un rinfresco a Vicenza. I nostri consigli.\u00a0\" \/>\n<meta name=\"robots\" content=\"index, follow, max-snippet:-1, max-image-preview:large, max-video-preview:-1\" \/>\n<link rel=\"canonical\" href=\"https:\/\/www.ambrosiniviaggi.it\/palladio-overview\/organizzare\/\" \/>\n<meta property=\"og:locale\" content=\"it_IT\" \/>\n<meta property=\"og:type\" content=\"article\" \/>\n<meta property=\"og:title\" content=\"Organizzare un pranzo o un soggiorno a Vicenza - Ambrosini Autoservizi\" \/>\n<meta property=\"og:description\" content=\"Dove pernottare a Vicenza, dove pranzare con baccal\u00e0 a vicentina, i teatri a Vicenza, dove organizzare un rinfresco a Vicenza. I nostri consigli.\u00a0\" \/>\n<meta property=\"og:url\" content=\"https:\/\/www.ambrosiniviaggi.it\/palladio-overview\/organizzare\/\" \/>\n<meta property=\"og:site_name\" content=\"Ambrosini Autoservizi\" \/>\n<meta property=\"article:modified_time\" content=\"2015-12-29T09:17:52+00:00\" \/>\n<meta name=\"twitter:card\" content=\"summary_large_image\" \/>\n<meta name=\"twitter:label1\" content=\"Tempo di lettura stimato\" \/>\n\t<meta name=\"twitter:data1\" content=\"7 minuti\" \/>\n<script type=\"application\/ld+json\" class=\"yoast-schema-graph\">{\"@context\":\"https:\/\/schema.org\",\"@graph\":[{\"@type\":\"WebPage\",\"@id\":\"https:\/\/www.ambrosiniviaggi.it\/palladio-overview\/organizzare\/\",\"url\":\"https:\/\/www.ambrosiniviaggi.it\/palladio-overview\/organizzare\/\",\"name\":\"Organizzare un pranzo o un soggiorno a Vicenza - Ambrosini Autoservizi\",\"isPartOf\":{\"@id\":\"https:\/\/www.ambrosiniviaggi.it\/it\/#website\"},\"datePublished\":\"2015-12-03T09:26:27+00:00\",\"dateModified\":\"2015-12-29T09:17:52+00:00\",\"description\":\"Dove pernottare a Vicenza, dove pranzare con baccal\u00e0 a vicentina, i teatri a Vicenza, dove organizzare un rinfresco a Vicenza. I nostri consigli.\u00a0\",\"breadcrumb\":{\"@id\":\"https:\/\/www.ambrosiniviaggi.it\/palladio-overview\/organizzare\/#breadcrumb\"},\"inLanguage\":\"it-IT\",\"potentialAction\":[{\"@type\":\"ReadAction\",\"target\":[\"https:\/\/www.ambrosiniviaggi.it\/palladio-overview\/organizzare\/\"]}]},{\"@type\":\"BreadcrumbList\",\"@id\":\"https:\/\/www.ambrosiniviaggi.it\/palladio-overview\/organizzare\/#breadcrumb\",\"itemListElement\":[{\"@type\":\"ListItem\",\"position\":1,\"name\":\"Home\",\"item\":\"https:\/\/www.ambrosiniviaggi.it\/\"},{\"@type\":\"ListItem\",\"position\":2,\"name\":\"Palladio Overview\",\"item\":\"https:\/\/www.ambrosiniviaggi.it\/palladio-overview\/\"},{\"@type\":\"ListItem\",\"position\":3,\"name\":\"Organize a lunch or a stay in Vicenza\"}]},{\"@type\":\"WebSite\",\"@id\":\"https:\/\/www.ambrosiniviaggi.it\/it\/#website\",\"url\":\"https:\/\/www.ambrosiniviaggi.it\/it\/\",\"name\":\"Ambrosini Autoservizi\",\"description\":\"Ambrosini Autoservizi - Idee in viaggio\",\"potentialAction\":[{\"@type\":\"SearchAction\",\"target\":{\"@type\":\"EntryPoint\",\"urlTemplate\":\"https:\/\/www.ambrosiniviaggi.it\/it\/?s={search_term_string}\"},\"query-input\":\"required name=search_term_string\"}],\"inLanguage\":\"it-IT\"}]}<\/script>\n<!-- \/ Yoast SEO plugin. -->","yoast_head_json":{"title":"Organizzare un pranzo o un soggiorno a Vicenza - Ambrosini Autoservizi","description":"Dove pernottare a Vicenza, dove pranzare con baccal\u00e0 a vicentina, i teatri a Vicenza, dove organizzare un rinfresco a Vicenza. I nostri consigli.\u00a0","robots":{"index":"index","follow":"follow","max-snippet":"max-snippet:-1","max-image-preview":"max-image-preview:large","max-video-preview":"max-video-preview:-1"},"canonical":"https:\/\/www.ambrosiniviaggi.it\/palladio-overview\/organizzare\/","og_locale":"it_IT","og_type":"article","og_title":"Organizzare un pranzo o un soggiorno a Vicenza - Ambrosini Autoservizi","og_description":"Dove pernottare a Vicenza, dove pranzare con baccal\u00e0 a vicentina, i teatri a Vicenza, dove organizzare un rinfresco a Vicenza. I nostri consigli.\u00a0","og_url":"https:\/\/www.ambrosiniviaggi.it\/palladio-overview\/organizzare\/","og_site_name":"Ambrosini Autoservizi","article_modified_time":"2015-12-29T09:17:52+00:00","twitter_card":"summary_large_image","twitter_misc":{"Tempo di lettura stimato":"7 minuti"},"schema":{"@context":"https:\/\/schema.org","@graph":[{"@type":"WebPage","@id":"https:\/\/www.ambrosiniviaggi.it\/palladio-overview\/organizzare\/","url":"https:\/\/www.ambrosiniviaggi.it\/palladio-overview\/organizzare\/","name":"Organizzare un pranzo o un soggiorno a Vicenza - Ambrosini Autoservizi","isPartOf":{"@id":"https:\/\/www.ambrosiniviaggi.it\/it\/#website"},"datePublished":"2015-12-03T09:26:27+00:00","dateModified":"2015-12-29T09:17:52+00:00","description":"Dove pernottare a Vicenza, dove pranzare con baccal\u00e0 a vicentina, i teatri a Vicenza, dove organizzare un rinfresco a Vicenza. I nostri consigli.\u00a0","breadcrumb":{"@id":"https:\/\/www.ambrosiniviaggi.it\/palladio-overview\/organizzare\/#breadcrumb"},"inLanguage":"it-IT","potentialAction":[{"@type":"ReadAction","target":["https:\/\/www.ambrosiniviaggi.it\/palladio-overview\/organizzare\/"]}]},{"@type":"BreadcrumbList","@id":"https:\/\/www.ambrosiniviaggi.it\/palladio-overview\/organizzare\/#breadcrumb","itemListElement":[{"@type":"ListItem","position":1,"name":"Home","item":"https:\/\/www.ambrosiniviaggi.it\/"},{"@type":"ListItem","position":2,"name":"Palladio Overview","item":"https:\/\/www.ambrosiniviaggi.it\/palladio-overview\/"},{"@type":"ListItem","position":3,"name":"Organize a lunch or a stay in Vicenza"}]},{"@type":"WebSite","@id":"https:\/\/www.ambrosiniviaggi.it\/it\/#website","url":"https:\/\/www.ambrosiniviaggi.it\/it\/","name":"Ambrosini Autoservizi","description":"Ambrosini Autoservizi - Idee in viaggio","potentialAction":[{"@type":"SearchAction","target":{"@type":"EntryPoint","urlTemplate":"https:\/\/www.ambrosiniviaggi.it\/it\/?s={search_term_string}"},"query-input":"required name=search_term_string"}],"inLanguage":"it-IT"}]}},"_links":{"self":[{"href":"https:\/\/www.ambrosiniviaggi.it\/it\/wp-json\/wp\/v2\/pages\/3146"}],"collection":[{"href":"https:\/\/www.ambrosiniviaggi.it\/it\/wp-json\/wp\/v2\/pages"}],"about":[{"href":"https:\/\/www.ambrosiniviaggi.it\/it\/wp-json\/wp\/v2\/types\/page"}],"author":[{"embeddable":true,"href":"https:\/\/www.ambrosiniviaggi.it\/it\/wp-json\/wp\/v2\/users\/1"}],"replies":[{"embeddable":true,"href":"https:\/\/www.ambrosiniviaggi.it\/it\/wp-json\/wp\/v2\/comments?post=3146"}],"version-history":[{"count":7,"href":"https:\/\/www.ambrosiniviaggi.it\/it\/wp-json\/wp\/v2\/pages\/3146\/revisions"}],"predecessor-version":[{"id":3500,"href":"https:\/\/www.ambrosiniviaggi.it\/it\/wp-json\/wp\/v2\/pages\/3146\/revisions\/3500"}],"up":[{"embeddable":true,"href":"https:\/\/www.ambrosiniviaggi.it\/it\/wp-json\/wp\/v2\/pages\/2757"}],"wp:attachment":[{"href":"https:\/\/www.ambrosiniviaggi.it\/it\/wp-json\/wp\/v2\/media?parent=3146"}],"curies":[{"name":"wp","href":"https:\/\/api.w.org\/{rel}","templated":true}]}}