{"id":3202,"date":"2015-12-03T12:15:17","date_gmt":"2015-12-03T11:15:17","guid":{"rendered":"http:\/\/www.ambrosiniviaggi.it\/?page_id=3202"},"modified":"2022-07-18T10:33:20","modified_gmt":"2022-07-18T08:33:20","slug":"cookies","status":"publish","type":"page","link":"https:\/\/www.ambrosiniviaggi.it\/it\/cookies\/","title":{"rendered":"Cookies"},"content":{"rendered":"<p><\/p>\n<h1>Cookie policy<\/h1>\n<p><strong>Cosa sono i cookie<\/strong><\/p>\n<p>Il sito www.ambrosiniviaggi.it fa uso di cookie. Come chiarito dal Garante Privacy nelle FAQ del dicembre 2012, reperibili su www.garanteprivacy.it, i cookie sono \u201cpiccoli file di testo\u201d \u2013 formati da lettere e numeri \u2013 \u201cche i siti visitati dall\u2019utente inviano al suo terminale (solitamente al browser), dove vengono memorizzati per essere poi ritrasmessi agli stessi siti alla successiva visita del medesimo utente\u201d. I cookie hanno la funzione di snellire l\u2019analisi del traffico sul web o di segnalare quando un sito specifico o una parte di esso vengono visitati, di distinguere tra loro i visitatori per poter fornire contenuti personalizzati, ed aiutano gli amministratori a migliorare il sito e l\u2019esperienza di navigazione degli utenti stessi.<\/p>\n<p>Attraverso i cookie non possiamo accedere ad altre informazioni memorizzate sul vostro dispositivo, anche se \u00e8 qui che i cookie vengono scaricati. I cookie non possono caricare codici di alcun tipo, veicolare virus o malware e non sono dannosi per il terminale dell\u2019utente.<\/p>\n<p>Di seguito \u00e8 possibile trovare tutte le informazioni sui cookie installati attraverso questo sito, e le indicazioni necessarie su come gestire le proprie preferenze a riguardo.<\/p>\n<p><strong>Consenso dell\u2019utente<\/strong><\/p>\n<p>Collegandosi per la prima volta ad una qualunque pagina di www.ambrosiniviaggi.it, l\u2019utente vedr\u00e0 apparire una sintetica informativa sull\u2019utilizzo dei cookie. Chiudendo tale informativa tramite l\u2019apposito tasto o cliccando al di fuori del banner che la contiene e proseguendo nella navigazione, l\u2019utente acconsente al nostro utilizzo dei cookie, secondo le modalit\u00e0 descritte nella presente Cookie Policy.<\/p>\n<p>Il sito ricorda la scelta effettuata dall\u2019utente, pertanto l\u2019informativa breve non verr\u00e0 riproposta nei collegamenti successivi dallo stesso dispositivo. Tuttavia, l\u2019utente ha sempre la possibilit\u00e0 di revocare in tutto o in parte il consenso gi\u00e0 espresso.<\/p>\n<p>I cookie possono essere completamente disattivati dal browser utilizzando l\u2019apposita funzione prevista nella maggior parte dei programmi di navigazione.<\/p>\n<p>\u00c8 bene sapere per\u00f2 che disattivando i cookie alcune delle funzionalit\u00e0 di www.ambrosiniviaggi.it potrebbero non essere utilizzabili.<\/p>\n<p>Riportiamo di seguito i link alle informative dei principali browser per ulteriori informazioni sulla disattivazione dei cookie:\u00a0<a href=\"https:\/\/support.google.com\/chrome\/answer\/95647?hl=it\">Chrome<\/a>,\u00a0<a href=\"https:\/\/support.mozilla.org\/it\/kb\/Gestione%20dei%20cookie\">Firefox<\/a>,\u00a0<a href=\"https:\/\/support.microsoft.com\/it-it\/help\/17442\/windows-internet-explorer-delete-manage-cookies#ie=ie-11\">Internet Explorer<\/a>,\u00a0<a href=\"https:\/\/support.apple.com\/it-it\/HT201265\">Safari<\/a>,\u00a0<a href=\"https:\/\/privacy.microsoft.com\/en-us\/windows-10-microsoft-edge-and-privacy\">Edge<\/a>, IEMobile.<\/p>\n<p>Per disattivare singolarmente i cookie di performance e di profilazione di terza parte vedi la sezione \u201cCOOKIE DI TERZE PARTI, OSSIA RILASCIATI DA SITI DIVERSI RISPETTO A www.ambrosiniviaggi.it \u201c.<\/p>\n<p>Con riferimento ai cookie di profilazione finalizzati ad offrirti pubblicit\u00e0 personalizzata, ti informiamo che, qualora esercitassi l\u2019opt-out, continuerai in ogni caso a ricevere pubblicit\u00e0 di tipo generico.<\/p>\n<p>Per esercitare l\u2019opt-out e disattivare gli annunci pubblicitari personalizzati modificando le impostazioni dei tuoi dispositivi mobile, segui le indicazioni che trovi qui di seguito:<\/p>\n<p><strong>Android<\/strong><\/p>\n<ul>\n<li>sul tuo dispositivo apri l\u2019app \u201cImpostazioni Google\u201d<\/li>\n<li>scorri verso il basso e seleziona \u201cGoogle\u201d<\/li>\n<li>seleziona \u201cAnnunci\u201d<\/li>\n<li>seleziona \u201cDisattiva annunci basati sugli interessi\u201d o \u201cDisattiva personalizzazione annunci\u201d<\/li>\n<\/ul>\n<p><strong>iOS<\/strong><\/p>\n<p>I dispositivi iOS utilizzano l\u2019Advertising Identifier di Apple. Per ulteriori informazioni su come limitare il monitoraggio degli annunci con questo identificatore, visita l\u2019app \u201cImpostazioni sul tuo dispositivo\u201d oppure visita la pagina https:\/\/support.apple.com\/it-it\/HT205223.<\/p>\n<p>Qualora si riscontrassero problemi di natura tecnica legati alla prestazione del consenso, vi preghiamo di contattarci tramite gli appositi canali previsti da questo sito per consentirci di prestarvi assistenza.<\/p>\n<p><strong>Quali tipi di cookie utilizziamo<\/strong><\/p>\n<p>L\u2019utilizzo di cookie da parte del Titolare di questo sito, Ambrosini Autoservizi con sede in Strada Marosticana, 82 &#8211; 36100 VICENZA, si inquadra nella Privacy Policy dello stesso.<\/p>\n<p>Per consentire la fruizione del nostro sito e l\u2019erogazione dei nostri servizi, facciamo uso sia di cosiddetti cookie persistenti (cio\u00e8 cookie che rimangono in memoria fino a quando non sono eliminati manualmente dall\u2019utente o per i quali \u00e8 prevista una rimozione programmata a lungo termine) sia di cosiddetti cookie di sessione, che non sono memorizzati in modo persistente sul computer del visitatore e scompaiono con la chiusura del browser.<\/p>\n<p>Utilizziamo cookie di tipologie differenti \u2013 con specifiche funzioni \u2013 che possiamo cos\u00ec classificare:<\/p>\n<p><b>COOKIE DI PRIMA PARTE, OSSIA RILASCIATI DA www.ambrosiniviaggi.it<\/b><\/p>\n<p>TIPOLOGIA DI COOKIE:<\/p>\n<ul>\n<li><strong>Tecnici\/di sessione<\/strong><br \/>\n<strong>Tecnici\/di navigazione<\/strong><br \/>\n<em>(Per rilasciare questo tipo di cookie non \u00e8 necessario il consenso dell\u2019utente)<\/em><br \/>\n<strong>CHE COSA FANNO?<\/strong><br \/>\nSono indispensabili per il corretto funzionamento del nostro sito e consentono all\u2019utente di navigare e di visualizzare i contenuti. Una loro eventuale disattivazione comporterebbe malfunzionamenti del sito.<br \/>\nIn genere, cookie di questo tipo sono necessari, ad esempio, per mantenere aperta una sessione di navigazione o per consentire all\u2019utente di accedere ad eventuali aree riservate. O ancora, possono ricordare temporaneamente i testi inseriti durante la compilazione di un modulo, quando si torna ad una pagina precedente nel corso della medesima sessione.<\/li>\n<li><strong>Tecnici\/di funzionalit\u00e0<\/strong><br \/>\n<em>(Per rilasciare questo tipo di cookie non \u00e8 necessario il consenso dell\u2019utente)<\/em><br \/>\n<strong>CHE COSA FANNO?<\/strong><br \/>\nConsentono all\u2019utente di sfruttare al meglio le peculiarit\u00e0 del sito e di fruire di una navigazione pi\u00f9 confortevole. Il sito funziona in modo ideale se questi cookie sono abilitati; \u00e8 possibile comunque decidere di non consentirne l\u2019attivazione sul proprio dispositivo.<br \/>\nIn generale, ad esempio, cookie di questo tipo ricordano in quale lingua l\u2019utente preferisce visualizzare i nostri contenuti o ricordano (per un periodo limitato) gli articoli presenti nel carrello virtuale nel caso in cui si chiuda la sessione prima di aver ultimato l\u2019acquisto.<\/li>\n<li><strong>Tecnici\/consenso<\/strong><br \/>\n<em>(Per rilasciare questo tipo di cookie non \u00e8 necessario il consenso dell\u2019utente)<\/em><br \/>\n<strong>CHE COSA FANNO?<\/strong><br \/>\nQuesto cookie tiene traccia del consenso prestato dall\u2019utente all\u2019utilizzo dei cookie su questo sito, in modo da non riproporre \u2013 nelle successive visite \u2013 l\u2019informativa breve sui cookie e la richiesta di prestare il consenso.<\/li>\n<\/ul>\n<p><b>COOKIE DI TERZE PARTI, OSSIA RILASCIATI DA SITI DIVERSI RISPETTO A www.ambrosiniviaggi.it<\/b><\/p>\n<p>TIPOLOGIA DI COOKIE:<\/p>\n<ul>\n<li><strong>Statistici\/di analytics<\/strong><br \/>\n<em>(Per rilasciare questo tipo di cookie \u00e8 necessario il consenso dell\u2019utente)<\/em><br \/>\n<strong>CHE COSA FANNO?<\/strong><br \/>\nSono utilizzati per raccogliere informazioni sulle modalit\u00e0 di navigazione degli utenti sul nostro sito. Queste informazioni vengono analizzate in forma aggregata per soli fini statistici.<br \/>\nNon sono necessari, ma sono per noi di grande aiuto per consentirci di migliorare i nostri contenuti ed i nostri servizi in base alle indicazioni che ricaviamo dall\u2019analisi delle statistiche.<\/li>\n<li><strong>Profilazione\/di pubblicit\u00e0<\/strong><br \/>\n<em>(Per rilasciare questo tipo di cookie \u00e8 necessario il consenso dell\u2019utente)<br \/>\n<\/em><strong>CHE COSA FANNO?<\/strong><em><br \/>\n<\/em>Sono utilizzati per presentarvi contenuti, anche di tipo pubblicitario, pi\u00f9 adatti a voi.<br \/>\nPossono essere usati anche, ad esempio, per limitare il numero di volte che viene proposto un contenuto pubblicitario o per aiutarci a valutare l\u2019efficacia delle nostre campagne pubblicitarie o delle campagne pubblicitarie sui nostri siti internet.<br \/>\nNon sono necessari, ma ci consentono di offrirvi contenuti pi\u00f9 vicini ai vostri interessi.<\/li>\n<\/ul>\n<p>&nbsp;<\/p>\n<p><strong>Cookie di terze parti<\/strong><\/p>\n<p>Navigando su questo sito riceverete sia cookie di Ambrosini Autoservizi, sia cookie da siti di terze parti, i quali potranno impostare cookie sul vostro dispositivo per nostro conto al fine di erogare i servizi che stanno fornendo.<\/p>\n<p>I cookie di terze parti ci consentono di ottenere sondaggi pi\u00f9 completi delle abitudini di esplorazione degli utenti. Utilizziamo tali cookie, ad esempio, per raccogliere informazioni a fini pubblicitari e di personalizzazione dei contenuti, oltre che per elaborare statistiche sull\u2019utilizzo del nostro sito e per valutare il vostro interesse nei riguardi di nostri specifici contenuti o servizi. Informazioni pi\u00f9 dettagliate su questi cookie sono disponibili nei paragrafi successivi presenti in questo documento e sui rispettivi siti internet delle terze parti in questione.<\/p>\n<p><strong>Cookie di statistica (di terze parti)<\/strong><\/p>\n<p>www.ambrosiniviaggi.it utilizza Google Analytics, un servizio di analisi del traffico web fornito da Google, Inc., 1600 Amphitheatre Parkway \u2013 Mountain View \u2013 CA94043 USA, che fa uso di cookie per raccogliere ed analizzare in forma aggregata informazioni relative alla navigazione degli utenti. N\u00e9 Ambrosini Autoservizi n\u00e9 Google associano il vostro indirizzo IP ad altri dati in loro possesso per identificarvi direttamente.<\/p>\n<p>Le informazioni raccolte vengono elaborate dai sistemi di Google Analytics allo scopo di produrre report per gli amministratori di www.ambrosiniviaggi.it, che li utilizzano per verificare il corretto funzionamento dei servizi ed eventualmente il tasso di gradimento dei contenuti proposti.<\/p>\n<p>Per disabilitare i cookie statistici impedendo cos\u00ec a Google Analytics di raccogliere dati sulla vostra navigazione, potete scaricare l\u2019apposito componente per la disattivazione di Google Analytics che trovate qui: https:\/\/tools.google.com\/dlpage\/gaoptout.<\/p>\n<p>Le nostre pagine web potrebbero contenere plug-in dei pi\u00f9 noti social network (a.e. Facebook, Twitter, Linkedin) gestiti dalle terze parti coinvolte.<\/p>\n<p>Tali plug-in potrebbero ad esempio corrispondere ai pulsanti \u201cLike\u201d di Facebook o \u201cRetweet\u201d di Twitter. Se si accede ad una delle nostre pagine web, dotata di un simile plug-in, il browser internet si collega direttamente ai server delle terze parti e il plug-in viene visualizzato sullo schermo grazie alla connessione con il browser. Il plug-in potrebbe comunicare ai server delle terze parte quali pagine l\u2019utente ha visitato.<\/p>\n<p>Se un utente di social network visita le nostre pagine web mentre \u00e8 collegato al proprio account, tali informazioni potrebbero essere associate all\u2019account. Anche nel caso in cui si utilizzino le funzioni del plug-in (per esempio, facendo clic sul pulsante \u201cMi piace\u201d), le informazioni saranno associate all\u2019account.<\/p>\n<p>Qualora non fosse d\u2019accordo con l\u2019installazione dei cookie, l\u2019utente dovr\u00e0 configurare il browser in modo da disabilitare la ricezione dei cookie o non usare questo sito. Disabilitando i cookie per\u00f2, il sito o alcune sue funzioni potrebbero non operare correttamente.<\/p>\n<p>Per modificare le modalit\u00e0 di utilizzo dei cookie, per bloccarne la ricezione o ancora per eliminare i cookie presenti sul proprio terminale, \u00e8 sufficiente entrare nelle impostazioni del proprio browser.<\/p>\n<p>La maggior parte dei browser prevede la possibilit\u00e0 di accettare o rifiutare tutti i cookie o accettarne solo alcuni (ad esempio provenienti da specifici siti).<\/p>\n<p>Anche se attraverso passaggi simili, il metodo di configurazione del cookie varia per ciascun browser. Per avere dettagli in merito alla procedura da seguire l\u2019utente potr\u00e0 visitare il sito www.aboutcookies.org o consultare la sezione \u2018Aiuto\u2019 del proprio browser.<\/p>\n<p>Per maggiori informazioni sui cookie e per gestire le tue preferenze sui cookie di terza parte ti invitiamo a visitare www.youronlinechoices.com.<\/p>","protected":false},"excerpt":{"rendered":"<p>Cookie policy Cosa sono i cookie Il sito www.ambrosiniviaggi.it fa uso di cookie. Come chiarito dal Garante Privacy nelle FAQ del dicembre 2012, reperibili su www.garanteprivacy.it, i cookie sono \u201cpiccoli file di testo\u201d \u2013 formati da lettere e numeri \u2013 \u201cche i siti visitati dall\u2019utente inviano al suo terminale (solitamente al browser), dove vengono memorizzati [&hellip;]<\/p>\n","protected":false},"author":1,"featured_media":0,"parent":0,"menu_order":0,"comment_status":"closed","ping_status":"closed","template":"","meta":[],"yoast_head":"<!-- This site is optimized with the Yoast SEO plugin v20.4 - https:\/\/yoast.com\/wordpress\/plugins\/seo\/ -->\n<title>Cookies - Ambrosini Autoservizi<\/title>\n<meta name=\"robots\" content=\"index, follow, max-snippet:-1, max-image-preview:large, max-video-preview:-1\" \/>\n<link rel=\"canonical\" href=\"https:\/\/www.ambrosiniviaggi.it\/cookies\/\" \/>\n<meta property=\"og:locale\" content=\"it_IT\" \/>\n<meta property=\"og:type\" content=\"article\" \/>\n<meta property=\"og:title\" content=\"Cookies - Ambrosini Autoservizi\" \/>\n<meta property=\"og:description\" content=\"Cookie policy Cosa sono i cookie Il sito www.ambrosiniviaggi.it fa uso di cookie. Come chiarito dal Garante Privacy nelle FAQ del dicembre 2012, reperibili su www.garanteprivacy.it, i cookie sono \u201cpiccoli file di testo\u201d \u2013 formati da lettere e numeri \u2013 \u201cche i siti visitati dall\u2019utente inviano al suo terminale (solitamente al browser), dove vengono memorizzati [&hellip;]\" \/>\n<meta property=\"og:url\" content=\"https:\/\/www.ambrosiniviaggi.it\/cookies\/\" \/>\n<meta property=\"og:site_name\" content=\"Ambrosini Autoservizi\" \/>\n<meta property=\"article:modified_time\" content=\"2022-07-18T08:33:20+00:00\" \/>\n<meta name=\"twitter:card\" content=\"summary_large_image\" \/>\n<meta name=\"twitter:label1\" content=\"Tempo di lettura stimato\" \/>\n\t<meta name=\"twitter:data1\" content=\"9 minuti\" \/>\n<script type=\"application\/ld+json\" class=\"yoast-schema-graph\">{\"@context\":\"https:\/\/schema.org\",\"@graph\":[{\"@type\":\"WebPage\",\"@id\":\"https:\/\/www.ambrosiniviaggi.it\/cookies\/\",\"url\":\"https:\/\/www.ambrosiniviaggi.it\/cookies\/\",\"name\":\"Cookies - Ambrosini Autoservizi\",\"isPartOf\":{\"@id\":\"https:\/\/www.ambrosiniviaggi.it\/it\/#website\"},\"datePublished\":\"2015-12-03T11:15:17+00:00\",\"dateModified\":\"2022-07-18T08:33:20+00:00\",\"breadcrumb\":{\"@id\":\"https:\/\/www.ambrosiniviaggi.it\/cookies\/#breadcrumb\"},\"inLanguage\":\"it-IT\",\"potentialAction\":[{\"@type\":\"ReadAction\",\"target\":[\"https:\/\/www.ambrosiniviaggi.it\/cookies\/\"]}]},{\"@type\":\"BreadcrumbList\",\"@id\":\"https:\/\/www.ambrosiniviaggi.it\/cookies\/#breadcrumb\",\"itemListElement\":[{\"@type\":\"ListItem\",\"position\":1,\"name\":\"Home\",\"item\":\"https:\/\/www.ambrosiniviaggi.it\/\"},{\"@type\":\"ListItem\",\"position\":2,\"name\":\"Cookies\"}]},{\"@type\":\"WebSite\",\"@id\":\"https:\/\/www.ambrosiniviaggi.it\/it\/#website\",\"url\":\"https:\/\/www.ambrosiniviaggi.it\/it\/\",\"name\":\"Ambrosini Autoservizi\",\"description\":\"Ambrosini Autoservizi - Idee in viaggio\",\"potentialAction\":[{\"@type\":\"SearchAction\",\"target\":{\"@type\":\"EntryPoint\",\"urlTemplate\":\"https:\/\/www.ambrosiniviaggi.it\/it\/?s={search_term_string}\"},\"query-input\":\"required name=search_term_string\"}],\"inLanguage\":\"it-IT\"}]}<\/script>\n<!-- \/ Yoast SEO plugin. -->","yoast_head_json":{"title":"Cookies - Ambrosini Autoservizi","robots":{"index":"index","follow":"follow","max-snippet":"max-snippet:-1","max-image-preview":"max-image-preview:large","max-video-preview":"max-video-preview:-1"},"canonical":"https:\/\/www.ambrosiniviaggi.it\/cookies\/","og_locale":"it_IT","og_type":"article","og_title":"Cookies - Ambrosini Autoservizi","og_description":"Cookie policy Cosa sono i cookie Il sito www.ambrosiniviaggi.it fa uso di cookie. Come chiarito dal Garante Privacy nelle FAQ del dicembre 2012, reperibili su www.garanteprivacy.it, i cookie sono \u201cpiccoli file di testo\u201d \u2013 formati da lettere e numeri \u2013 \u201cche i siti visitati dall\u2019utente inviano al suo terminale (solitamente al browser), dove vengono memorizzati [&hellip;]","og_url":"https:\/\/www.ambrosiniviaggi.it\/cookies\/","og_site_name":"Ambrosini Autoservizi","article_modified_time":"2022-07-18T08:33:20+00:00","twitter_card":"summary_large_image","twitter_misc":{"Tempo di lettura stimato":"9 minuti"},"schema":{"@context":"https:\/\/schema.org","@graph":[{"@type":"WebPage","@id":"https:\/\/www.ambrosiniviaggi.it\/cookies\/","url":"https:\/\/www.ambrosiniviaggi.it\/cookies\/","name":"Cookies - Ambrosini Autoservizi","isPartOf":{"@id":"https:\/\/www.ambrosiniviaggi.it\/it\/#website"},"datePublished":"2015-12-03T11:15:17+00:00","dateModified":"2022-07-18T08:33:20+00:00","breadcrumb":{"@id":"https:\/\/www.ambrosiniviaggi.it\/cookies\/#breadcrumb"},"inLanguage":"it-IT","potentialAction":[{"@type":"ReadAction","target":["https:\/\/www.ambrosiniviaggi.it\/cookies\/"]}]},{"@type":"BreadcrumbList","@id":"https:\/\/www.ambrosiniviaggi.it\/cookies\/#breadcrumb","itemListElement":[{"@type":"ListItem","position":1,"name":"Home","item":"https:\/\/www.ambrosiniviaggi.it\/"},{"@type":"ListItem","position":2,"name":"Cookies"}]},{"@type":"WebSite","@id":"https:\/\/www.ambrosiniviaggi.it\/it\/#website","url":"https:\/\/www.ambrosiniviaggi.it\/it\/","name":"Ambrosini Autoservizi","description":"Ambrosini Autoservizi - Idee in viaggio","potentialAction":[{"@type":"SearchAction","target":{"@type":"EntryPoint","urlTemplate":"https:\/\/www.ambrosiniviaggi.it\/it\/?s={search_term_string}"},"query-input":"required name=search_term_string"}],"inLanguage":"it-IT"}]}},"_links":{"self":[{"href":"https:\/\/www.ambrosiniviaggi.it\/it\/wp-json\/wp\/v2\/pages\/3202"}],"collection":[{"href":"https:\/\/www.ambrosiniviaggi.it\/it\/wp-json\/wp\/v2\/pages"}],"about":[{"href":"https:\/\/www.ambrosiniviaggi.it\/it\/wp-json\/wp\/v2\/types\/page"}],"author":[{"embeddable":true,"href":"https:\/\/www.ambrosiniviaggi.it\/it\/wp-json\/wp\/v2\/users\/1"}],"replies":[{"embeddable":true,"href":"https:\/\/www.ambrosiniviaggi.it\/it\/wp-json\/wp\/v2\/comments?post=3202"}],"version-history":[{"count":3,"href":"https:\/\/www.ambrosiniviaggi.it\/it\/wp-json\/wp\/v2\/pages\/3202\/revisions"}],"predecessor-version":[{"id":3796,"href":"https:\/\/www.ambrosiniviaggi.it\/it\/wp-json\/wp\/v2\/pages\/3202\/revisions\/3796"}],"wp:attachment":[{"href":"https:\/\/www.ambrosiniviaggi.it\/it\/wp-json\/wp\/v2\/media?parent=3202"}],"curies":[{"name":"wp","href":"https:\/\/api.w.org\/{rel}","templated":true}]}}